{"id":53,"date":"2017-07-04T15:06:15","date_gmt":"2017-07-04T13:06:15","guid":{"rendered":"http:\/\/www.timbergy.at\/timbergy\/?page_id=53"},"modified":"2021-11-27T16:45:11","modified_gmt":"2021-11-27T15:45:11","slug":"impressum","status":"publish","type":"page","link":"http:\/\/www.timbergy.at\/timbergy\/impressum\/","title":{"rendered":"Impressum"},"content":{"rendered":"<p><strong><img decoding=\"async\" loading=\"lazy\" class=\"alignnone wp-image-65\" src=\"http:\/\/www.timbergy.at\/timbergy\/wp-content\/uploads\/2017\/07\/timbergy_logo_transparent_klein-300x73.png\" alt=\"\" width=\"197\" height=\"48\" \/><\/strong><\/p>\n<p><strong>timbergy KG<\/strong><\/p>\n<p><strong><span style=\"color: #242e7a;\">Gesch\u00e4ftsf\u00fchrer:<\/span> <\/strong>Michael Johannes Rottenhofer BSc<\/p>\n<p>Im Steinanger 9<br \/>\nA-9812 Pusarnitz<br \/>\n<strong>T<\/strong> +43 660 544 64 14<br \/>\n<strong>Fax: <\/strong>+43 463 265526 5848<br \/>\n<strong>E-mail: <\/strong>office(at)timbergy.at<br \/>\nFN 437848w \u2013 LG Klagenfurt<br \/>\n<strong>UID: <\/strong>ATU69771838<\/p>\n<div>\n<h6><span style=\"color: #ffffff;\">&#8230;.<\/span><\/h6>\n<\/div>\n<div>\n<p><span style=\"color: #242e7a;\"><strong>Datenschutz \/ Rechtshinweis \/ Verweise und Links:\u00a0<\/strong><\/span><br \/>\nSofern Sie uns pers\u00f6nliche Daten mitteilen, werden wir diese mit Sorgfalt und entsprechend der datenschutzrechtlichen Bestimmungen behandeln. Eine Nutzung zu einem andern Zweck oder eine Datenweitergabe an Dritte findet nicht statt. Bei streng vertraulichen Nachrichten an uns verwenden Sie zu Ihrer Sicherheit bitte den Postweg. Wir weisen ausdr\u00fccklich darauf hin, dass wir uns von den Inhalten der verlinkten Seiten au\u00dferhalb dieser Internet-Pr\u00e4senz distanzieren. Es wird keine Verantwortung f\u00fcr den Inhalt der verlinkten Seiten \u00fcbernommen, insbesondere nicht f\u00fcr \u00c4nderungen der Seiten, die nach dem Setzen des Links erfolgt sind. Wir betonen ausdr\u00fccklich, dass wir keinerlei Einfluss auf die Gestaltung und die Inhalte der Webseiten, auf die mit Links von unserer Website verwiesen wird, haben. Sollte eine der Seiten, auf die gelinkt wird, jetzt bedenkliche Inhalte aufweisen, wird um Mitteilung ersucht; in einem solchen Falle wird der Link sofort gel\u00f6scht.<\/p>\n<p><span style=\"color: #242e7a;\"><strong>Haftungsausschluss<\/strong>:<\/span><br \/>\nDie Inhalte dieser Homepage sind sorgf\u00e4ltig recherchiert. Dennoch kann keine Haftung f\u00fcr die Richtigkeit der ver\u00f6ffentlichten Inhalte \u00fcbernommen werden. Alle ver\u00f6ffentlichten Beitr\u00e4ge unterliegen dem Urheberrechtsschutz. Alle Grafiken, Logos, Texte und Bilder sind Eigentum von timbergy und d\u00fcrfen nicht, ohne ausdr\u00fcckliche und schriftliche Einwilligung des Inhabers, weiter verwendet werden. Bei Links auf Angebote Dritter wird keine Haftung f\u00fcr die Inhalte dieser Anbieter \u00fcbernommen. Durch die Schaltung eines Links werden in keinem Fall dort ver\u00f6ffentlichte Meinungen oder Tatsachenbehauptungen zu Eigen gemacht.<\/p>\n<\/div>\n","protected":false},"excerpt":{"rendered":"<p>timbergy KG Gesch\u00e4ftsf\u00fchrer: Michael Johannes Rottenhofer BSc Im Steinanger 9 A-9812 Pusarnitz T +43 660 544 64 14 Fax: +43 463 265526 [&hellip;]<\/p>\n","protected":false},"author":1,"featured_media":0,"parent":0,"menu_order":0,"comment_status":"closed","ping_status":"closed","template":"page-templates\/page_fullwidth.php","meta":[],"translation":{"provider":"WPGlobus","version":"2.10.10","language":"de","enabled_languages":["de","en","it"],"languages":{"de":{"title":true,"content":true,"excerpt":false},"en":{"title":true,"content":true,"excerpt":false},"it":{"title":true,"content":true,"excerpt":false}}},"_links":{"self":[{"href":"http:\/\/www.timbergy.at\/timbergy\/wp-json\/wp\/v2\/pages\/53"}],"collection":[{"href":"http:\/\/www.timbergy.at\/timbergy\/wp-json\/wp\/v2\/pages"}],"about":[{"href":"http:\/\/www.timbergy.at\/timbergy\/wp-json\/wp\/v2\/types\/page"}],"author":[{"embeddable":true,"href":"http:\/\/www.timbergy.at\/timbergy\/wp-json\/wp\/v2\/users\/1"}],"replies":[{"embeddable":true,"href":"http:\/\/www.timbergy.at\/timbergy\/wp-json\/wp\/v2\/comments?post=53"}],"version-history":[{"count":17,"href":"http:\/\/www.timbergy.at\/timbergy\/wp-json\/wp\/v2\/pages\/53\/revisions"}],"predecessor-version":[{"id":383,"href":"http:\/\/www.timbergy.at\/timbergy\/wp-json\/wp\/v2\/pages\/53\/revisions\/383"}],"wp:attachment":[{"href":"http:\/\/www.timbergy.at\/timbergy\/wp-json\/wp\/v2\/media?parent=53"}],"curies":[{"name":"wp","href":"https:\/\/api.w.org\/{rel}","templated":true}]}}