{"id":53,"date":"2017-07-04T15:06:15","date_gmt":"2017-07-04T13:06:15","guid":{"rendered":"http:\/\/www.timbergy.at\/timbergy\/?page_id=53"},"modified":"2021-11-27T16:45:11","modified_gmt":"2021-11-27T15:45:11","slug":"impressum","status":"publish","type":"page","link":"http:\/\/www.timbergy.at\/timbergy\/it\/impressum\/","title":{"rendered":"Impressum"},"content":{"rendered":"<p><strong><img decoding=\"async\" loading=\"lazy\" class=\"alignnone wp-image-65\" src=\"http:\/\/www.timbergy.at\/timbergy\/wp-content\/uploads\/2017\/07\/timbergy_logo_transparent_klein-300x73.png\" alt=\"\" width=\"197\" height=\"48\" \/><\/strong><\/p>\n<p><strong>timbergy KG<\/strong><\/p>\n<p><span style=\"color: #242e7a;\"><strong>Amministratore: <\/strong><\/span>Michael Johannes Rottenhofer BSc<\/p>\n<p>Im Steinanger 9<br \/>\nA-9812 Pusarnitz<br \/>\n<strong>T<\/strong> +43 660 544 64 14<br \/>\n<strong>Fax: <\/strong>+43 463 265526 5848<br \/>\n<strong>E-mail: <\/strong>office(at)timbergy.at<br \/>\nFN 437848w \u2013 Tribunale Klagenfurt<br \/>\n<strong>P.IVA<\/strong> \u2013\u00a0 ATU69771838<\/p>\n<p><span style=\"color: #ffffff;\">&#8230;<\/span><\/p>\n<p><strong><span class=\"VIiyi\" lang=\"it\"><span class=\"JLqJ4b\" data-language-for-alternatives=\"it\" data-language-to-translate-into=\"de\" data-phrase-index=\"0\" data-number-of-phrases=\"1\">Protezione dei dati \/ Avviso legale \/ Riferimenti e link: <\/span><\/span><\/strong><\/p>\n<p><span class=\"VIiyi\" lang=\"it\"><span class=\"JLqJ4b\" data-language-for-alternatives=\"it\" data-language-to-translate-into=\"de\" data-phrase-index=\"0\" data-number-of-phrases=\"1\">Se ci fornisci dati personali, li tratteremo con cura e in conformit\u00e0 con le normative sulla protezione dei dati. Non verr\u00e0 utilizzato per nessun altro scopo n\u00e9 ceduto a terzi. Per i messaggi strettamente confidenziali, utilizza il post per la tua sicurezza. Segnaliamo espressamente che prendiamo le distanze dal contenuto delle pagine collegate al di fuori di questo sito web. Non si assume alcuna responsabilit\u00e0 per il contenuto delle pagine collegate, in particolare per le modifiche alle pagine che sono state apportate dopo l&#8217;impostazione del collegamento. Sottolineiamo espressamente che non abbiamo alcuna influenza sul design e sul contenuto dei siti Web a cui il nostro sito Web si collega. Se una delle pagine collegate ora mostra contenuti discutibili, faccelo sapere; in tal caso il collegamento verr\u00e0 immediatamente cancellato.<\/span><\/span><\/p>\n<p><strong><span class=\"VIiyi\" lang=\"it\"><span class=\"JLqJ4b\" data-language-for-alternatives=\"it\" data-language-to-translate-into=\"de\" data-phrase-index=\"0\" data-number-of-phrases=\"1\"> Disclaimer: <\/span><\/span><\/strong><\/p>\n<p><span class=\"VIiyi\" lang=\"it\"><span class=\"JLqJ4b\" data-language-for-alternatives=\"it\" data-language-to-translate-into=\"de\" data-phrase-index=\"0\" data-number-of-phrases=\"1\">I contenuti di questa homepage sono stati accuratamente studiati. Tuttavia, nessuna responsabilit\u00e0 pu\u00f2 essere assunta per la correttezza dei contenuti pubblicati. Tutti gli articoli pubblicati sono soggetti a tutela del diritto d&#8217;autore. Tutta la grafica, i loghi, i testi e le immagini sono di propriet\u00e0 di timbergy e non possono essere utilizzati senza l&#8217;espresso consenso scritto del proprietario. In caso di link a offerte di terzi, non si assume alcuna responsabilit\u00e0 per il contenuto di questi fornitori. Inserendo un link, qualsiasi opinione o affermazione di fatto pubblicata l\u00ec non viene adottata come nostra.<\/span><\/span><\/p>\n","protected":false},"excerpt":{"rendered":"<p>timbergy KG Amministratore: Michael Johannes Rottenhofer BSc Im Steinanger 9 A-9812 Pusarnitz T +43 660 544 64 14 Fax: +43 463 265526 [&hellip;]<\/p>\n","protected":false},"author":1,"featured_media":0,"parent":0,"menu_order":0,"comment_status":"closed","ping_status":"closed","template":"page-templates\/page_fullwidth.php","meta":[],"translation":{"provider":"WPGlobus","version":"2.10.10","language":"it","enabled_languages":["de","en","it"],"languages":{"de":{"title":true,"content":true,"excerpt":false},"en":{"title":true,"content":true,"excerpt":false},"it":{"title":true,"content":true,"excerpt":false}}},"_links":{"self":[{"href":"http:\/\/www.timbergy.at\/timbergy\/it\/wp-json\/wp\/v2\/pages\/53"}],"collection":[{"href":"http:\/\/www.timbergy.at\/timbergy\/it\/wp-json\/wp\/v2\/pages"}],"about":[{"href":"http:\/\/www.timbergy.at\/timbergy\/it\/wp-json\/wp\/v2\/types\/page"}],"author":[{"embeddable":true,"href":"http:\/\/www.timbergy.at\/timbergy\/it\/wp-json\/wp\/v2\/users\/1"}],"replies":[{"embeddable":true,"href":"http:\/\/www.timbergy.at\/timbergy\/it\/wp-json\/wp\/v2\/comments?post=53"}],"version-history":[{"count":17,"href":"http:\/\/www.timbergy.at\/timbergy\/it\/wp-json\/wp\/v2\/pages\/53\/revisions"}],"predecessor-version":[{"id":383,"href":"http:\/\/www.timbergy.at\/timbergy\/it\/wp-json\/wp\/v2\/pages\/53\/revisions\/383"}],"wp:attachment":[{"href":"http:\/\/www.timbergy.at\/timbergy\/it\/wp-json\/wp\/v2\/media?parent=53"}],"curies":[{"name":"wp","href":"https:\/\/api.w.org\/{rel}","templated":true}]}}